{"id":4,"date":"2013-06-22T10:34:45","date_gmt":"2013-06-22T08:34:45","guid":{"rendered":"http:\/\/www.klingert-malerservice.de?page_id=4"},"modified":"2021-05-03T11:46:28","modified_gmt":"2021-05-03T09:46:28","slug":"startseite","status":"publish","type":"page","link":"https:\/\/www.klingert-malerservice.de\/","title":{"rendered":"Startseite"},"content":{"rendered":"<h1><strong>Das Leistungsspektrum von Klingert Malerservice:<br \/>\n<\/strong><\/h1>\n<ul>\n<li>\u00a0Tapezier- und Malerservice<\/li>\n<li>\u00a0Lackierarbeiten aller Art<\/li>\n<li>\u00a0hochwertige Gestaltungen<\/li>\n<li>s\u00e4mtliche Innen- und Au\u00dfenputze<\/li>\n<li>W\u00e4rmeverbundsysteme<\/li>\n<li>Schimmelsanierung<\/li>\n<li>Bautrocknungs- und Bauheizungsverleih<\/li>\n<li>Trockenausbau an Decke, Schr\u00e4gen und Wand<\/li>\n<li>Verfugung an Fassaden und Mauern<\/li>\n<\/ul>\n","protected":false},"excerpt":{"rendered":"<p>Das Leistungsspektrum von Klingert Malerservice: \u00a0Tapezier- und Malerservice \u00a0Lackierarbeiten aller Art \u00a0hochwertige Gestaltungen s\u00e4mtliche Innen- und Au\u00dfenputze W\u00e4rmeverbundsysteme Schimmelsanierung Bautrocknungs- und Bauheizungsverleih Trockenausbau an Decke, Schr\u00e4gen und Wand Verfugung an Fassaden und Mauern<\/p>\n","protected":false},"author":1,"featured_media":0,"parent":0,"menu_order":0,"comment_status":"closed","ping_status":"closed","template":"","meta":{"footnotes":""},"_links":{"self":[{"href":"https:\/\/www.klingert-malerservice.de\/index.php?rest_route=\/wp\/v2\/pages\/4"}],"collection":[{"href":"https:\/\/www.klingert-malerservice.de\/index.php?rest_route=\/wp\/v2\/pages"}],"about":[{"href":"https:\/\/www.klingert-malerservice.de\/index.php?rest_route=\/wp\/v2\/types\/page"}],"author":[{"embeddable":true,"href":"https:\/\/www.klingert-malerservice.de\/index.php?rest_route=\/wp\/v2\/users\/1"}],"replies":[{"embeddable":true,"href":"https:\/\/www.klingert-malerservice.de\/index.php?rest_route=%2Fwp%2Fv2%2Fcomments&post=4"}],"version-history":[{"count":21,"href":"https:\/\/www.klingert-malerservice.de\/index.php?rest_route=\/wp\/v2\/pages\/4\/revisions"}],"predecessor-version":[{"id":22,"href":"https:\/\/www.klingert-malerservice.de\/index.php?rest_route=\/wp\/v2\/pages\/4\/revisions\/22"}],"wp:attachment":[{"href":"https:\/\/www.klingert-malerservice.de\/index.php?rest_route=%2Fwp%2Fv2%2Fmedia&parent=4"}],"curies":[{"name":"wp","href":"https:\/\/api.w.org\/{rel}","templated":true}]}}