{"id":18,"date":"2013-10-16T23:19:31","date_gmt":"2013-10-16T21:19:31","guid":{"rendered":"http:\/\/www.klingert-malerservice.de?page_id=18"},"modified":"2022-05-23T11:10:34","modified_gmt":"2022-05-23T09:10:34","slug":"impressum","status":"publish","type":"page","link":"https:\/\/www.klingert-malerservice.de\/?page_id=18","title":{"rendered":"Impressum"},"content":{"rendered":"<p><strong>Impressum <\/strong><\/p>\n<p>Klingert GmbH<br \/>\nHarenberg 14<br \/>\n97244 B\u00fctthard<br \/>\nTelefon:  09347-929650<br \/>\nFax:        09347- 929650<br \/>\nE-Mail:    info@klingert-malerservice.de<br \/>\nvertretungsberechtigte Gesch\u00e4ftsf\u00fchrer:<br \/>\nAndr\u00e9 Klingert, Meister im Stuckateur Handwerk<\/p>\n<p>Rechtsform: GmbH<br \/>\nHRB 16165 vom 23.03.2022<br \/>\nRegistergericht: Amtsgericht W\u00fcrzburg, Ottostra\u00dfe 5, 97070 W\u00fcrzburg<br \/>\nErlaubnispflichtige T\u00e4tigkeit: Maler-, Trockenbau-, und Verputzerarbeiten<br \/>\neingetragen in der Handwerksrolle f\u00fcr Maler seit 05.09.2009 bei der zust\u00e4ndigen Kammer:<br \/>\nHandwerkskammer f\u00fcr Unterfranken, Rennweger Ring 3, 97070 W\u00fcrzburg, Tel.: 0931\/309080<br \/>\nBerufsrechtliche Regelungen:<br \/>\nDeutsche Handwerksordnung (HwO)<br \/>\nhttp:\/\/www.gesetze-im-internet.de\/hwo\/index.html<\/p>\n<p>Steuernummer: 257\/ 130\/ 51384<br \/>\nUmsatzsteuer-ID: DE351 564 595<br \/>\nBetriebshaftpflichtversicherung: Gothaer Allgemeine Versicherung AG<br \/>\nDatenschutzhinweis (siehe Datenschutzerkl\u00e4rung unten)<\/p>\n<p><strong>Hinweis nach \u00a7 36 Verbraucherstreitbeilegungsgesetz (VSBG):<\/strong><br \/>\nIch, Firma die Klingert GmbH werden nicht in einem Streitbeilegungsverfahren vor einer Verbraucherschlichtungsstelle im Sinne des VS BG teilnehmen und sind dazu auch nicht verpflichtet.<br \/>\nInformationen zu Preisen gem\u00e4\u00df \u00a7 DL-InfoV erteilen wir gerne auf pers\u00f6nliche Anfrage<br \/>\nInhaltlich verantwortlich: Andr\u00e9 Klingert, Gesch\u00e4ftsf\u00fchrer<\/p>\n<p><strong>Haftung f\u00fcr Inhalte:<\/strong><br \/>\nAls Dienstanbieter sind wir nach \u00a7 7 Abs.1 Telemediengesetz (TMG) f\u00fcr eigene Inhalte auf diesen Seiten nach den allgemeinen Gesetzen verantwortlich. Nach \u00a7\u00a7 8 bis 10 TMG sind wir als Dienstanbieter aber nicht verpflichtet, \u00fcbermittelte oder gespeicherte fremde Informationen zu \u00fcberwachen oder nach Umst\u00e4nden zu forschen, die auf eine rechtswidrige T\u00e4tigkeit hinweisen. Verpflichtungen zur Entfernung oder Sperrung der Nutzung von Informationen nach den allgemeinen Gesetzen bleiben hiervon unber\u00fchrt. Eine diesbez\u00fcgliche Haftung ist jedoch erst ab dem Zeitpunkt der Kenntnis einer konkreten Rechtsverletzung m\u00f6glich. Bei Bekanntwerden von entsprechenden Rechtsverletzungen werden wir diese Inhalte umgehend entfernen.<br \/>\n<strong>Haftung f\u00fcr Links:<\/strong><br \/>\nUnser Angebot enth\u00e4lt Links zu externen Websites Dritter, auf deren Inhalte wir keinen Einfluss haben. Daher k\u00f6nnen wir f\u00fcr diese fremden Inhalte auch keine Gew\u00e4hr \u00fcbernehmen. F\u00fcr die Inhalte der verlinkten Seiten ist stets der jeweilige Anbieter\/Betreiber der Seiten verantwortlich. Die verlinkten Seiten wurden zum Zeitpunkt der Verlinkung auf m\u00f6gliche Rechtsverst\u00f6\u00dfe \u00fcberpr\u00fcft. Rechtswidrige Inhalte waren zum Zeitpunkt der Verlinkung nicht erkennbar. Eine permanente inhaltliche Kontrolle der verlinkten Seiten ist jedoch ohne konkrete Anhaltspunkte einer Rechtsverletzung nicht zumutbar. Bei Bekanntwerden von Rechtsverletzungen werden wir derartige Links umgehend entfernen.<br \/>\n<strong>Urheberrecht:<\/strong><br \/>\nDie durch die Seitenbetreiber erstellten Inhalte und Werke auf diesen Seiten unterliegen dem deutschen Urheberrecht. Die Vervielf\u00e4ltigung, Bearbeitung, Verbreitung und jede Art der Verwertung au\u00dferhalb der Grenzen des Urheberrechtes bed\u00fcrfen der schriftlichen Zustimmung des jeweiligen Autors bzw. Erstellers. Downloads und Kopien dieser Seite sind nur f\u00fcr den privaten, nicht kommerziellen Gebrauch.<\/p>\n<p><em><strong>Datenschutzerkl\u00e4rungen<\/strong><\/em><br \/>\n<strong>Allgemeine Datenschutzerkl\u00e4rung<\/strong><br \/>\nDie Betreiber dieser Seiten nehmen den Schutz Ihrer pers\u00f6nlichen Daten sehr ernst. Wir behandeln Ihre personenbezogenen Daten vertraulich und entsprechend der gesetzlichen Datenschutzvorschriften sowie dieser Datenschutzerkl\u00e4rung.<br \/>\nDie Nutzung unserer Internetseite ist in der Regel ohne Angabe personenbezogener Daten m\u00f6glich. Soweit auf unseren Seiten personenbezogene Daten (beispielsweise Name, Adresse oder E-Mail-Adressen) erhoben werden, erfolgt dies, soweit m\u00f6glich, stets auf freiwilliger Basis. Diese Daten werden ohne Ihre ausdr\u00fcckliche Zustimmung nicht an Dritte weitergegeben.<br \/>\nWir weisen darauf hin, dass die Daten\u00fcbertragung im Internet (z. B. bei der Kommunikation per E-Mail) Sicherheitsl\u00fccken aufweisen kann. Ein l\u00fcckenloser Schutz der Daten vor dem Zugriff durch Dritte ist nicht m\u00f6glich.<br \/>\n<strong>Informationen zur Datenerhebung<\/strong><br \/>\nWir erheben und speichern Ihre Daten zum Zweck der Auftragsabwicklung, Vertragsdurchf\u00fchrung, zur Erf\u00fcllung der vertraglichen und vorvertraglichen Pflichten sowie zur Direktwerbung. Die Datenerhebung und -verarbeitung ist f\u00fcr die Durchf\u00fchrung des Vertrags erforderlich und beruht auf Artikel 6 Abs. 1b DS-GVO.<br \/>\nIhre Daten werden nicht an Dritte weitergegeben, es sei denn, die Daten Datenweitergabe ist im Rahmen der Auftragsabwicklung n\u00f6tig (bspw. an Lieferanten, Subunternehmer etc.). Die Daten werden gel\u00f6scht, sobald sie f\u00fcr den Zweck ihrer Verarbeitung nicht mehr erforderlich sind.<br \/>\nSie k\u00f6nnen der Verwendung Ihrer Daten f\u00fcr die Direktwerbung jederzeit widersprechen.<br \/>\nSie k\u00f6nnen Auskunft \u00fcber die Daten verlangen, die bei uns \u00fcber Sie gespeichert sind und bei falschen Daten eine Korrektur bzw. bei unerlaubter Datenspeicherung die L\u00f6schung Ihrer Daten fordern.<br \/>\nSie erreichen unseren verantwortlichen Ansprechpartner Herrn Stefan Frisch unter e-mail: datenschutz@frisch-malerservice.de, Tel: 0931\/94698.<br \/>\nSie haben au\u00dferdem ein Beschwerderecht bei der Aufsichtsbeh\u00f6rde.<br \/>\n<strong>Cookies<\/strong><br \/>\nDie Internetseiten verwenden teilweise so genannte Cookies. Cookies richten auf Ihrem Rechner keinen Schaden an und enthalten keine Viren. Cookies dienen dazu, unser Angebot nutzerfreundlicher, effektiver und sicherer zu machen. Cookies sind kleine Textdateien, die auf Ihrem Rechner abgelegt werden und die Ihr Browser speichert.<br \/>\nDie meisten der von uns verwendeten Cookies sind so genannte \u201eSession-Cookies\u201c. Sie werden nach Ende Ihres Besuchs automatisch gel\u00f6scht. Andere Cookies bleiben auf Ihrem Endger\u00e4t gespeichert, bis Sie diese l\u00f6schen. Diese Cookies erm\u00f6glichen es uns, Ihren Browser beim n\u00e4chsten Besuch wiederzuerkennen.<br \/>\nSie k\u00f6nnen Ihren Browser so einstellen, dass Sie \u00fcber das Setzen von Cookies informiert werden und Cookies nur im Einzelfall erlauben, die Annahme von Cookies f\u00fcr bestimmte F\u00e4lle oder generell ausschlie\u00dfen sowie das automatische L\u00f6schen der Cookies beim Schlie\u00dfen des Browser aktivieren. Bei der Deaktivierung von Cookies kann die Funktionalit\u00e4t dieser Internetseite eingeschr\u00e4nkt sein.<br \/>\n<strong>Server-Log-Files<\/strong><br \/>\nDer Provider der Seiten erhebt und speichert automatisch Informationen in so genannten Server-Log Files, die Ihr Browser automatisch an uns \u00fcbermittelt. Dies sind:<br \/>\nBrowsertyp und Browserversion<br \/>\nverwendetes Betriebssystem<br \/>\nReferrer URL<br \/>\nHostname des zugreifenden Rechners<br \/>\nUhrzeit der Serveranfrage<br \/>\nDiese Daten sind nicht bestimmten Personen zuordenbar. Eine Zusammenf\u00fchrung dieser Daten mit anderen Datenquellen wird nicht vorgenommen. Wir behalten uns vor, diese Daten nachtr\u00e4glich zu pr\u00fcfen, wenn uns konkrete Anhaltspunkte f\u00fcr eine rechtswidrige Nutzung bekannt werden.<br \/>\n<strong>Kontaktformular<\/strong><br \/>\nWenn Sie uns per Kontaktformular Anfragen zukommen lassen, werden Ihre Angaben aus dem Anfrageformular inklusive der von Ihnen dort angegebenen Kontaktdaten zwecks Bearbeitung der Anfrage und f\u00fcr den Fall von Anschlussfragen bei uns gespeichert. Diese Daten geben wir nicht ohne Ihre Einwilligung weiter.<br \/>\n<strong>SSL-Verschl\u00fcsselung<\/strong><br \/>\nDiese Seite nutzt aus Gr\u00fcnden der Sicherheit und zum Schutz der \u00dcbertragung vertraulicher Inhalte, wie zum Beispiel der Anfragen, die Sie an uns als Seitenbetreiber senden, eine SSL-Verschl\u00fcsselung. Eine verschl\u00fcsselte Verbindung erkennen Sie daran, dass die Adresszeile des Browsers von \u201chttp:\/\/\u201d auf \u201chttps:\/\/\u201d wechselt und an dem Schloss-Symbol in Ihrer Browserzeile.<br \/>\nWenn die SSL Verschl\u00fcsselung aktiviert ist, k\u00f6nnen die Daten, die Sie an uns \u00fcbermitteln, nicht von Dritten mitgelesen werden.<br \/>\n<strong>Google-Maps<\/strong><br \/>\nGoogle Maps ist f\u00fcr die Routenplanung \/ Anfahrt zur Firma verlinkt. Die eingegebenen Daten werden nicht von uns bearbeitet, erhoben oder gespeichert.<br \/>\n<strong>Recht auf Auskunft, L\u00f6schung, Sperrung<\/strong><br \/>\nSie haben jederzeit das Recht auf unentgeltliche Auskunft \u00fcber Ihre gespeicherten personenbezogenen Daten, deren Herkunft und Empf\u00e4nger und den Zweck der Datenverarbeitung sowie ein Recht auf Berichtigung, Sperrung oder L\u00f6schung dieser Daten. Hierzu sowie zu weiteren Fragen zum Thema personenbezogene Daten k\u00f6nnen Sie sich jederzeit unter der im Impressum angegebenen Adresse an uns wenden.<br \/>\n<strong>Widerspruch Werbe-Mails<\/strong><br \/>\nDer Nutzung von im Rahmen der Impressumspflicht ver\u00f6ffentlichten Kontaktdaten zur \u00dcbersendung von nicht ausdr\u00fccklich angeforderter Werbung und Informationsmaterialien wird hiermit widersprochen. Die Betreiber der Seiten behalten sich ausdr\u00fccklich rechtliche Schritte im Falle der unverlangten Zusendung von Werbeinformationen, etwa durch Spam-E-Mails, vor.<\/p>\n","protected":false},"excerpt":{"rendered":"<p>Impressum Klingert GmbH Harenberg 14 97244 B\u00fctthard Telefon: 09347-929650 Fax: 09347- 929650 E-Mail: info@klingert-malerservice.de vertretungsberechtigte Gesch\u00e4ftsf\u00fchrer: Andr\u00e9 Klingert, Meister im Stuckateur Handwerk Rechtsform: GmbH HRB 16165 vom 23.03.2022 Registergericht: Amtsgericht W\u00fcrzburg, Ottostra\u00dfe 5, 97070 W\u00fcrzburg Erlaubnispflichtige T\u00e4tigkeit: Maler-, Trockenbau-, und &hellip; <a href=\"https:\/\/www.klingert-malerservice.de\/?page_id=18\">Weiterlesen <span class=\"meta-nav\">&rarr;<\/span><\/a><\/p>\n","protected":false},"author":1,"featured_media":0,"parent":0,"menu_order":0,"comment_status":"closed","ping_status":"closed","template":"","meta":{"footnotes":""},"_links":{"self":[{"href":"https:\/\/www.klingert-malerservice.de\/index.php?rest_route=\/wp\/v2\/pages\/18"}],"collection":[{"href":"https:\/\/www.klingert-malerservice.de\/index.php?rest_route=\/wp\/v2\/pages"}],"about":[{"href":"https:\/\/www.klingert-malerservice.de\/index.php?rest_route=\/wp\/v2\/types\/page"}],"author":[{"embeddable":true,"href":"https:\/\/www.klingert-malerservice.de\/index.php?rest_route=\/wp\/v2\/users\/1"}],"replies":[{"embeddable":true,"href":"https:\/\/www.klingert-malerservice.de\/index.php?rest_route=%2Fwp%2Fv2%2Fcomments&post=18"}],"version-history":[{"count":14,"href":"https:\/\/www.klingert-malerservice.de\/index.php?rest_route=\/wp\/v2\/pages\/18\/revisions"}],"predecessor-version":[{"id":78,"href":"https:\/\/www.klingert-malerservice.de\/index.php?rest_route=\/wp\/v2\/pages\/18\/revisions\/78"}],"wp:attachment":[{"href":"https:\/\/www.klingert-malerservice.de\/index.php?rest_route=%2Fwp%2Fv2%2Fmedia&parent=18"}],"curies":[{"name":"wp","href":"https:\/\/api.w.org\/{rel}","templated":true}]}}